{"id":1039,"date":"2025-06-30T17:12:05","date_gmt":"2025-06-30T17:12:05","guid":{"rendered":"https:\/\/portalmedcannabis.com.br\/?page_id=1039"},"modified":"2025-08-19T17:28:22","modified_gmt":"2025-08-19T17:28:22","slug":"cursos-online-2","status":"publish","type":"page","link":"https:\/\/portalmedcannabis.com.br\/en_us\/cursos-online-2\/","title":{"rendered":"Online Courses"},"content":{"rendered":"\t\t<div data-elementor-type=\"wp-page\" data-elementor-id=\"1039\" class=\"elementor elementor-1039\">\n\t\t\t\t<div class=\"elementor-element elementor-element-e40337b e-con-full e-flex e-con e-parent\" data-id=\"e40337b\" data-element_type=\"container\" data-e-type=\"container\">\n\t\t\t\t<div class=\"elementor-element elementor-element-3db7282 elementor-widget elementor-widget-spacer\" data-id=\"3db7282\" data-element_type=\"widget\" data-e-type=\"widget\" data-widget_type=\"spacer.default\">\n\t\t\t\t<div class=\"elementor-widget-container\">\n\t\t\t\t\t\t\t<div class=\"elementor-spacer\">\n\t\t\t<div class=\"elementor-spacer-inner\"><\/div>\n\t\t<\/div>\n\t\t\t\t\t\t<\/div>\n\t\t\t\t<\/div>\n\t\t\t\t<\/div>\n\t\t<div class=\"elementor-element elementor-element-63cb46d e-flex e-con-boxed e-con e-parent\" data-id=\"63cb46d\" data-element_type=\"container\" data-e-type=\"container\">\n\t\t\t\t\t<div class=\"e-con-inner\">\n\t\t\t\t<div class=\"elementor-element elementor-element-91cdf68 elementor-widget elementor-widget-eael-woo-product-carousel\" data-id=\"91cdf68\" data-element_type=\"widget\" data-e-type=\"widget\" data-widget_type=\"eael-woo-product-carousel.default\">\n\t\t\t\t<div class=\"elementor-widget-container\">\n\t\t\t\t\t\n        <div class=\"swiper-container-wrap eael-woo-product-carousel-container preset-3 swiper-container-wrap-dots-outside\" id=\"eael-product-carousel-91cdf68\" data-widget-id=\"91cdf68\" >\n            <div class=\"woocommerce eael-woo-product-carousel eael-product-appender-91cdf68 eael-hover-buttons swiper swiper-8 swiper-container-91cdf68 swiper-image-stretch\" data-pagination=\".swiper-pagination-91cdf68\" data-arrow-next=\".swiper-button-next-91cdf68\" data-arrow-prev=\".swiper-button-prev-91cdf68\" data-type=\"preset-3\" data-effect=\"slide\" data-items=\"3\" data-slide-items=\"1\" data-margin=\"10\" data-speed=\"400\" data-autoplay=\"2000\" data-loop=\"1\" data-dots=\"1\"><div class=\"products swiper-wrapper\">    <div class=\"product swiper-slide post-1383 type-product status-publish has-post-thumbnail product_cat-cursos-online first instock taxable shipping-taxable purchasable product-type-simple\">\n        <div class=\"eael-product-carousel \">\n            <div class=\"product-image-wrap\">\n                <div class=\"image-wrap\">\n                    <a href=\"https:\/\/portalmedcannabis.com.br\/en_us\/product\/mentoria-alem-da-prescricao\/\" class=\"woocommerce-LoopProduct-link woocommerce-loop-product__link\"><img loading=\"lazy\" decoding=\"async\" loading=\"lazy\" width=\"240\" height=\"300\" src=\"https:\/\/portalmedcannabis.com.br\/wp-content\/uploads\/2026\/01\/IMG-20260127-WA0172-240x300.webp\" class=\"attachment-medium size-medium\" alt=\"Mentoria al\u00e9m da prescri\u00e7\u00e3o\" loading=\"eager\" srcset=\"https:\/\/portalmedcannabis.com.br\/wp-content\/uploads\/2026\/01\/IMG-20260127-WA0172-240x300.webp 240w, https:\/\/portalmedcannabis.com.br\/wp-content\/uploads\/2026\/01\/IMG-20260127-WA0172-819x1024.webp 819w, https:\/\/portalmedcannabis.com.br\/wp-content\/uploads\/2026\/01\/IMG-20260127-WA0172-768x960.webp 768w, https:\/\/portalmedcannabis.com.br\/wp-content\/uploads\/2026\/01\/IMG-20260127-WA0172-600x750.webp 600w, https:\/\/portalmedcannabis.com.br\/wp-content\/uploads\/2026\/01\/IMG-20260127-WA0172.webp 1080w\" sizes=\"auto, (max-width: 240px) 100vw, 240px\" \/><\/a>                <\/div>\n                <div class=\"image-hover-wrap\">\n                    <ul class=\"icons-wrap block-style\">\n                                                    <li class=\"add-to-cart\"><a data-pid=\"1383\" class=\"shopengine_add_to_list_action shopengine-wishlist badge se-btn inactive\" href=\"#\" ><i class=\"shopengine-icon-add_to_favourite_1\"><\/i><\/a><a title='Quick View' class='shopengine-quickview-trigger se-btn'\n\t\t\t\t\tdata-source-url='https:\/\/portalmedcannabis.com.br\/en_us\/product\/mentoria-alem-da-prescricao\/'\n\t\t\t\t\thref='https:\/\/portalmedcannabis.com.br\/en_us\/product\/mentoria-alem-da-prescricao\/'>\n\t\t\t\t\t<i class=\"shopengine-icon-quick_view_1\"><\/i>\n\t\t\t\t<\/a><a href=\"\/en_us\/wp-json\/wp\/v2\/pages\/1039?add-to-cart=1383\" aria-describedby=\"woocommerce_loop_add_to_cart_link_describedby_1383\" data-quantity=\"1\" class=\"button product_type_simple add_to_cart_button ajax_add_to_cart\" data-product_id=\"1383\" data-product_sku=\"\" aria-label=\"Add to cart: &ldquo;Mentoria al\u00e9m da prescri\u00e7\u00e3o&rdquo;\" rel=\"nofollow\" data-success_message=\"&ldquo;Mentoria al\u00e9m da prescri\u00e7\u00e3o&rdquo; has been added to your cart\">Add to cart<\/a><a data-payload='{\"pid\":1383}' class=\"shopengine_comparison_add_to_list_action shopengine-comparison badge se-btn inactive\"> <i class=\"shopengine-icon-product_compare_1\"><\/i> <\/a>\t<span id=\"woocommerce_loop_add_to_cart_link_describedby_1383\" class=\"screen-reader-text\">\n\t\t\t<\/span>\n<\/li>\n                        \t                                                <li class=\"eael-product-quick-view\">\n                                <a id=\"eael_quick_view_69ea45a6bfb08\" data-quickview-setting=\"{&quot;widget_id&quot;:&quot;91cdf68&quot;,&quot;product_id&quot;:1383,&quot;page_id&quot;:1039}\"\n                                   class=\"open-popup-link\">\n                                    <i class=\"fas fa-eye\"><\/i>\n                                <\/a>\n                            <\/li>\n\t                                            <li class=\"view-details\"><a href=\"https:\/\/portalmedcannabis.com.br\/en_us\/product\/mentoria-alem-da-prescricao\/\"><i class=\"fas fa-link\"><\/i><\/a><\/li>\n\n                    <\/ul>\n                                    <\/div>\n            <\/div>\n            <div class=\"product-details-wrap\">\n\t            <div class=\"eael-product-title\"><a href=\"https:\/\/portalmedcannabis.com.br\/en_us\/product\/mentoria-alem-da-prescricao\/\" class=\"woocommerce-LoopProduct-link woocommerce-loop-product__link\"><h2>Mentoria al\u00e9m da prescri\u00e7\u00e3o<\/h2><\/a><\/div><div class=\"eael-product-price\"><span class=\"woocommerce-Price-amount amount\"><bdi><span class=\"woocommerce-Price-currencySymbol\">&#82;&#36;<\/span>1,500.00<\/bdi><\/span><\/div>\n            <\/div>\n        <\/div>\n\t<\/div>\n        <div class=\"product swiper-slide post-1065 type-product status-publish has-post-thumbnail product_cat-cursos-online  instock taxable shipping-taxable purchasable product-type-simple\">\n        <div class=\"eael-product-carousel \">\n            <div class=\"product-image-wrap\">\n                <div class=\"image-wrap\">\n                    <a href=\"https:\/\/portalmedcannabis.com.br\/en_us\/product\/certificacao-curso-de-capacitacao-para-prescricao-de-cannabis-medicinal\/\" class=\"woocommerce-LoopProduct-link woocommerce-loop-product__link\"><img loading=\"lazy\" decoding=\"async\" loading=\"lazy\" width=\"300\" height=\"169\" src=\"https:\/\/portalmedcannabis.com.br\/wp-content\/uploads\/2025\/06\/certificacao-leaf-300x169.webp\" class=\"attachment-medium size-medium\" alt=\"[CERTIFICA\u00c7\u00c3O] Curso de Capacita\u00e7\u00e3o para Prescri\u00e7\u00e3o de Cannabis medicinal\" loading=\"eager\" srcset=\"https:\/\/portalmedcannabis.com.br\/wp-content\/uploads\/2025\/06\/certificacao-leaf-300x169.webp 300w, https:\/\/portalmedcannabis.com.br\/wp-content\/uploads\/2025\/06\/certificacao-leaf-1024x576.webp 1024w, https:\/\/portalmedcannabis.com.br\/wp-content\/uploads\/2025\/06\/certificacao-leaf-768x432.webp 768w, https:\/\/portalmedcannabis.com.br\/wp-content\/uploads\/2025\/06\/certificacao-leaf-600x338.webp 600w, https:\/\/portalmedcannabis.com.br\/wp-content\/uploads\/2025\/06\/certificacao-leaf.webp 1280w\" sizes=\"auto, (max-width: 300px) 100vw, 300px\" \/><\/a>                <\/div>\n                <div class=\"image-hover-wrap\">\n                    <ul class=\"icons-wrap block-style\">\n                                                    <li class=\"add-to-cart\"><a data-pid=\"1065\" class=\"shopengine_add_to_list_action shopengine-wishlist badge se-btn inactive\" href=\"#\" ><i class=\"shopengine-icon-add_to_favourite_1\"><\/i><\/a><a title='Quick View' class='shopengine-quickview-trigger se-btn'\n\t\t\t\t\tdata-source-url='https:\/\/portalmedcannabis.com.br\/en_us\/product\/certificacao-curso-de-capacitacao-para-prescricao-de-cannabis-medicinal\/'\n\t\t\t\t\thref='https:\/\/portalmedcannabis.com.br\/en_us\/product\/certificacao-curso-de-capacitacao-para-prescricao-de-cannabis-medicinal\/'>\n\t\t\t\t\t<i class=\"shopengine-icon-quick_view_1\"><\/i>\n\t\t\t\t<\/a><a href=\"\/en_us\/wp-json\/wp\/v2\/pages\/1039?add-to-cart=1065\" aria-describedby=\"woocommerce_loop_add_to_cart_link_describedby_1065\" data-quantity=\"1\" class=\"button product_type_simple add_to_cart_button ajax_add_to_cart\" data-product_id=\"1065\" data-product_sku=\"\" aria-label=\"Add to cart: &ldquo;[CERTIFICA\u00c7\u00c3O] Curso de Capacita\u00e7\u00e3o para Prescri\u00e7\u00e3o de Cannabis medicinal&rdquo;\" rel=\"nofollow\" data-success_message=\"&ldquo;[CERTIFICA\u00c7\u00c3O] Curso de Capacita\u00e7\u00e3o para Prescri\u00e7\u00e3o de Cannabis medicinal&rdquo; has been added to your cart\">Add to cart<\/a><a data-payload='{\"pid\":1065}' class=\"shopengine_comparison_add_to_list_action shopengine-comparison badge se-btn inactive\"> <i class=\"shopengine-icon-product_compare_1\"><\/i> <\/a>\t<span id=\"woocommerce_loop_add_to_cart_link_describedby_1065\" class=\"screen-reader-text\">\n\t\t\t<\/span>\n<\/li>\n                        \t                                                <li class=\"eael-product-quick-view\">\n                                <a id=\"eael_quick_view_69ea45a6c0192\" data-quickview-setting=\"{&quot;widget_id&quot;:&quot;91cdf68&quot;,&quot;product_id&quot;:1065,&quot;page_id&quot;:1039}\"\n                                   class=\"open-popup-link\">\n                                    <i class=\"fas fa-eye\"><\/i>\n                                <\/a>\n                            <\/li>\n\t                                            <li class=\"view-details\"><a href=\"https:\/\/portalmedcannabis.com.br\/en_us\/product\/certificacao-curso-de-capacitacao-para-prescricao-de-cannabis-medicinal\/\"><i class=\"fas fa-link\"><\/i><\/a><\/li>\n\n                    <\/ul>\n                                    <\/div>\n            <\/div>\n            <div class=\"product-details-wrap\">\n\t            <div class=\"eael-product-title\"><a href=\"https:\/\/portalmedcannabis.com.br\/en_us\/product\/certificacao-curso-de-capacitacao-para-prescricao-de-cannabis-medicinal\/\" class=\"woocommerce-LoopProduct-link woocommerce-loop-product__link\"><h2>[CERTIFICA\u00c7\u00c3O] Curso de Capacita\u00e7\u00e3o para Prescri\u00e7\u00e3o de Cannabis medicinal<\/h2><\/a><\/div><div class=\"eael-product-price\"><span class=\"woocommerce-Price-amount amount\"><bdi><span class=\"woocommerce-Price-currencySymbol\">&#82;&#36;<\/span>100.00<\/bdi><\/span><\/div>\n            <\/div>\n        <\/div>\n\t<\/div>\n        <div class=\"product swiper-slide post-839 type-product status-publish has-post-thumbnail product_cat-cursos-online  instock sale taxable shipping-taxable purchasable product-type-simple\">\n        <div class=\"eael-product-carousel \">\n            <div class=\"product-image-wrap\">\n                <div class=\"image-wrap\">\n                    <span class=\"eael-onsale sale-preset-5 \">Sale!<\/span><a href=\"https:\/\/portalmedcannabis.com.br\/en_us\/product\/pacote-com-mentoria-sincrona\/\" class=\"woocommerce-LoopProduct-link woocommerce-loop-product__link\"><img loading=\"lazy\" decoding=\"async\" loading=\"lazy\" width=\"300\" height=\"300\" src=\"https:\/\/portalmedcannabis.com.br\/wp-content\/uploads\/2025\/04\/thumb-medcannabis-300-x-300-px-2.webp\" class=\"attachment-medium size-medium\" alt=\"Pacote: Inicia\u00e7\u00e3o em Prescri\u00e7\u00e3o de Canabionoides com Mentoria S\u00edncrona\" loading=\"eager\" srcset=\"https:\/\/portalmedcannabis.com.br\/wp-content\/uploads\/2025\/04\/thumb-medcannabis-300-x-300-px-2.webp 300w, https:\/\/portalmedcannabis.com.br\/wp-content\/uploads\/2025\/04\/thumb-medcannabis-300-x-300-px-2-150x150.webp 150w, https:\/\/portalmedcannabis.com.br\/wp-content\/uploads\/2025\/04\/thumb-medcannabis-300-x-300-px-2-100x100.webp 100w\" sizes=\"auto, (max-width: 300px) 100vw, 300px\" \/><\/a>                <\/div>\n                <div class=\"image-hover-wrap\">\n                    <ul class=\"icons-wrap block-style\">\n                                                    <li class=\"add-to-cart\"><a data-pid=\"839\" class=\"shopengine_add_to_list_action shopengine-wishlist badge se-btn inactive\" href=\"#\" ><i class=\"shopengine-icon-add_to_favourite_1\"><\/i><\/a><a title='Quick View' class='shopengine-quickview-trigger se-btn'\n\t\t\t\t\tdata-source-url='https:\/\/portalmedcannabis.com.br\/en_us\/product\/pacote-com-mentoria-sincrona\/'\n\t\t\t\t\thref='https:\/\/portalmedcannabis.com.br\/en_us\/product\/pacote-com-mentoria-sincrona\/'>\n\t\t\t\t\t<i class=\"shopengine-icon-quick_view_1\"><\/i>\n\t\t\t\t<\/a><a href=\"\/en_us\/wp-json\/wp\/v2\/pages\/1039?add-to-cart=839\" aria-describedby=\"woocommerce_loop_add_to_cart_link_describedby_839\" data-quantity=\"1\" class=\"button product_type_simple add_to_cart_button ajax_add_to_cart\" data-product_id=\"839\" data-product_sku=\"\" aria-label=\"Add to cart: &ldquo;Pacote: Inicia\u00e7\u00e3o em Prescri\u00e7\u00e3o de Canabionoides com Mentoria S\u00edncrona&rdquo;\" rel=\"nofollow\" data-success_message=\"&ldquo;Pacote: Inicia\u00e7\u00e3o em Prescri\u00e7\u00e3o de Canabionoides com Mentoria S\u00edncrona&rdquo; has been added to your cart\">Add to cart<\/a><a data-payload='{\"pid\":839}' class=\"shopengine_comparison_add_to_list_action shopengine-comparison badge se-btn inactive\"> <i class=\"shopengine-icon-product_compare_1\"><\/i> <\/a>\t<span id=\"woocommerce_loop_add_to_cart_link_describedby_839\" class=\"screen-reader-text\">\n\t\t\t<\/span>\n<\/li>\n                        \t                                                <li class=\"eael-product-quick-view\">\n                                <a id=\"eael_quick_view_69ea45a6c077b\" data-quickview-setting=\"{&quot;widget_id&quot;:&quot;91cdf68&quot;,&quot;product_id&quot;:839,&quot;page_id&quot;:1039}\"\n                                   class=\"open-popup-link\">\n                                    <i class=\"fas fa-eye\"><\/i>\n                                <\/a>\n                            <\/li>\n\t                                            <li class=\"view-details\"><a href=\"https:\/\/portalmedcannabis.com.br\/en_us\/product\/pacote-com-mentoria-sincrona\/\"><i class=\"fas fa-link\"><\/i><\/a><\/li>\n\n                    <\/ul>\n                                    <\/div>\n            <\/div>\n            <div class=\"product-details-wrap\">\n\t            <div class=\"eael-product-title\"><a href=\"https:\/\/portalmedcannabis.com.br\/en_us\/product\/pacote-com-mentoria-sincrona\/\" class=\"woocommerce-LoopProduct-link woocommerce-loop-product__link\"><h2>Pacote: Inicia\u00e7\u00e3o em Prescri\u00e7\u00e3o de Canabionoides com Mentoria S\u00edncrona<\/h2><\/a><\/div><div class=\"eael-product-price\"><del aria-hidden=\"true\"><span class=\"woocommerce-Price-amount amount\"><bdi><span class=\"woocommerce-Price-currencySymbol\">&#82;&#36;<\/span>1,000.00<\/bdi><\/span><\/del> <span class=\"screen-reader-text\">Original price was: &#082;&#036;1,000.00.<\/span><ins aria-hidden=\"true\"><span class=\"woocommerce-Price-amount amount\"><bdi><span class=\"woocommerce-Price-currencySymbol\">&#82;&#36;<\/span>500.00<\/bdi><\/span><\/ins><span class=\"screen-reader-text\">Current price is: &#082;&#036;500.00.<\/span><\/div>\n            <\/div>\n        <\/div>\n\t<\/div>\n        <div class=\"product swiper-slide post-837 type-product status-publish has-post-thumbnail product_cat-cursos-online last instock sale taxable shipping-taxable purchasable product-type-simple\">\n        <div class=\"eael-product-carousel \">\n            <div class=\"product-image-wrap\">\n                <div class=\"image-wrap\">\n                    <span class=\"eael-onsale sale-preset-5 \">Sale!<\/span><a href=\"https:\/\/portalmedcannabis.com.br\/en_us\/product\/explorando-o-sistema-endocanabinoide\/\" class=\"woocommerce-LoopProduct-link woocommerce-loop-product__link\"><img loading=\"lazy\" decoding=\"async\" loading=\"lazy\" width=\"300\" height=\"300\" src=\"https:\/\/portalmedcannabis.com.br\/wp-content\/uploads\/2025\/02\/thumb-medcannabis-300-x-300-px-1.png\" class=\"attachment-medium size-medium\" alt=\"Explorando o Sistema Endocanabinoide\" loading=\"eager\" srcset=\"https:\/\/portalmedcannabis.com.br\/wp-content\/uploads\/2025\/02\/thumb-medcannabis-300-x-300-px-1.png 300w, https:\/\/portalmedcannabis.com.br\/wp-content\/uploads\/2025\/02\/thumb-medcannabis-300-x-300-px-1-100x100.png 100w, https:\/\/portalmedcannabis.com.br\/wp-content\/uploads\/2025\/02\/thumb-medcannabis-300-x-300-px-1-150x150.png 150w\" sizes=\"auto, (max-width: 300px) 100vw, 300px\" \/><\/a>                <\/div>\n                <div class=\"image-hover-wrap\">\n                    <ul class=\"icons-wrap block-style\">\n                                                    <li class=\"add-to-cart\"><a data-pid=\"837\" class=\"shopengine_add_to_list_action shopengine-wishlist badge se-btn inactive\" href=\"#\" ><i class=\"shopengine-icon-add_to_favourite_1\"><\/i><\/a><a title='Quick View' class='shopengine-quickview-trigger se-btn'\n\t\t\t\t\tdata-source-url='https:\/\/portalmedcannabis.com.br\/en_us\/product\/explorando-o-sistema-endocanabinoide\/'\n\t\t\t\t\thref='https:\/\/portalmedcannabis.com.br\/en_us\/product\/explorando-o-sistema-endocanabinoide\/'>\n\t\t\t\t\t<i class=\"shopengine-icon-quick_view_1\"><\/i>\n\t\t\t\t<\/a><a href=\"\/en_us\/wp-json\/wp\/v2\/pages\/1039?add-to-cart=837\" aria-describedby=\"woocommerce_loop_add_to_cart_link_describedby_837\" data-quantity=\"1\" class=\"button product_type_simple add_to_cart_button ajax_add_to_cart\" data-product_id=\"837\" data-product_sku=\"\" aria-label=\"Add to cart: &ldquo;Explorando o Sistema Endocanabinoide&rdquo;\" rel=\"nofollow\" data-success_message=\"&ldquo;Explorando o Sistema Endocanabinoide&rdquo; has been added to your cart\">Add to cart<\/a><a data-payload='{\"pid\":837}' class=\"shopengine_comparison_add_to_list_action shopengine-comparison badge se-btn inactive\"> <i class=\"shopengine-icon-product_compare_1\"><\/i> <\/a>\t<span id=\"woocommerce_loop_add_to_cart_link_describedby_837\" class=\"screen-reader-text\">\n\t\t\t<\/span>\n<\/li>\n                        \t                                                <li class=\"eael-product-quick-view\">\n                                <a id=\"eael_quick_view_69ea45a6c0d54\" data-quickview-setting=\"{&quot;widget_id&quot;:&quot;91cdf68&quot;,&quot;product_id&quot;:837,&quot;page_id&quot;:1039}\"\n                                   class=\"open-popup-link\">\n                                    <i class=\"fas fa-eye\"><\/i>\n                                <\/a>\n                            <\/li>\n\t                                            <li class=\"view-details\"><a href=\"https:\/\/portalmedcannabis.com.br\/en_us\/product\/explorando-o-sistema-endocanabinoide\/\"><i class=\"fas fa-link\"><\/i><\/a><\/li>\n\n                    <\/ul>\n                                    <\/div>\n            <\/div>\n            <div class=\"product-details-wrap\">\n\t            <div class=\"eael-product-title\"><a href=\"https:\/\/portalmedcannabis.com.br\/en_us\/product\/explorando-o-sistema-endocanabinoide\/\" class=\"woocommerce-LoopProduct-link woocommerce-loop-product__link\"><h2>Explorando o Sistema Endocanabinoide<\/h2><\/a><\/div><div class=\"eael-product-price\"><del aria-hidden=\"true\"><span class=\"woocommerce-Price-amount amount\"><bdi><span class=\"woocommerce-Price-currencySymbol\">&#82;&#36;<\/span>139.00<\/bdi><\/span><\/del> <span class=\"screen-reader-text\">Original price was: &#082;&#036;139.00.<\/span><ins aria-hidden=\"true\"><span class=\"woocommerce-Price-amount amount\"><bdi><span class=\"woocommerce-Price-currencySymbol\">&#82;&#36;<\/span>69.50<\/bdi><\/span><\/ins><span class=\"screen-reader-text\">Current price is: &#082;&#036;69.50.<\/span><\/div>\n            <\/div>\n        <\/div>\n\t<\/div>\n    <\/div><\/div>            <!-- Add Pagination -->\n            <div class=\"swiper-pagination swiper-pagination-91cdf68 dots-preset-1\"><\/div>\n                <\/div>\n        \t\t\t\t<\/div>\n\t\t\t\t<\/div>\n\t\t\t\t\t<\/div>\n\t\t\t\t<\/div>\n\t\t\t\t<\/div>\n\t\t","protected":false},"excerpt":{"rendered":"<p>Adicionar ao carrinho [CERTIFICA\u00c7\u00c3O] Curso de Capacita\u00e7\u00e3o para Prescri\u00e7\u00e3o de Cannabis medicinal &#82;&#36;100.00 Adicionar ao carrinho Pacote com Mentoria S\u00edncrona [&hellip;]<\/p>\n","protected":false},"author":6,"featured_media":0,"parent":0,"menu_order":0,"comment_status":"closed","ping_status":"closed","template":"","meta":{"nf_dc_page":"","pagelayer_contact_templates":[],"_pagelayer_content":"","footnotes":""},"class_list":["post-1039","page","type-page","status-publish","hentry"],"_links":{"self":[{"href":"https:\/\/portalmedcannabis.com.br\/en_us\/wp-json\/wp\/v2\/pages\/1039","targetHints":{"allow":["GET"]}}],"collection":[{"href":"https:\/\/portalmedcannabis.com.br\/en_us\/wp-json\/wp\/v2\/pages"}],"about":[{"href":"https:\/\/portalmedcannabis.com.br\/en_us\/wp-json\/wp\/v2\/types\/page"}],"author":[{"embeddable":true,"href":"https:\/\/portalmedcannabis.com.br\/en_us\/wp-json\/wp\/v2\/users\/6"}],"replies":[{"embeddable":true,"href":"https:\/\/portalmedcannabis.com.br\/en_us\/wp-json\/wp\/v2\/comments?post=1039"}],"version-history":[{"count":5,"href":"https:\/\/portalmedcannabis.com.br\/en_us\/wp-json\/wp\/v2\/pages\/1039\/revisions"}],"predecessor-version":[{"id":1149,"href":"https:\/\/portalmedcannabis.com.br\/en_us\/wp-json\/wp\/v2\/pages\/1039\/revisions\/1149"}],"wp:attachment":[{"href":"https:\/\/portalmedcannabis.com.br\/en_us\/wp-json\/wp\/v2\/media?parent=1039"}],"curies":[{"name":"wp","href":"https:\/\/api.w.org\/{rel}","templated":true}]}}