{"id":185,"date":"2025-02-13T14:49:38","date_gmt":"2025-02-13T14:49:38","guid":{"rendered":"https:\/\/portalmedcannabis.com.br\/about\/"},"modified":"2025-07-28T14:58:30","modified_gmt":"2025-07-28T14:58:30","slug":"medcannabis","status":"publish","type":"page","link":"https:\/\/portalmedcannabis.com.br\/en_us\/medcannabis\/","title":{"rendered":"Our team"},"content":{"rendered":"<h2>Conhe\u00e7a a MedCannabis<\/h2>\n\nA MedCannabis  tem  o olhar  atento para as novas pr\u00e1ticas m\u00e9dicas no Brasil e condutas terap\u00eauticas em doen\u00e7as refrat\u00e1rias ao tratamento farmacol\u00f3gico convencional. Por estar ciente das descobertas cient\u00edficas acerca da prospec\u00e7\u00e3o de canabinoides na medicina e uso complementar ou alternativo nessas patologias,  acompanha as tend\u00eancias internacionais na oferta de cursos de capacita\u00e7\u00e3o e mentoria para a prescri\u00e7\u00e3o de Cannabis  medicinal.\n<p>\nEstima-se que, no \u00e2mbito nacional, <strong>menos de 2% dos m\u00e9dicos estejam capacitados \u00e0 prescri\u00e7\u00e3o de canabinoides<\/strong>, sendo a maior lacuna a falta de embasamento farmacol\u00f3gico e cient\u00edfico sobre o funcionamento do sistema endocanabinoide, as regulamenta\u00e7\u00f5es  vigentes e a seguran\u00e7a no produto.<\/p>\n\n\n\n\n<h2>Miss\u00e3o<\/h2>\n\nLevar o conhecimento t\u00e9cnico-cient\u00edfico sobre Pesquisa, Inova\u00e7\u00e3o e Tecnologias Medicinais com base na medicina integrativa, especialmente em produtos de Cannabis integrando a prescri\u00e7\u00e3o cl\u00ednica ao uso racional e seguro dos derivados e isolados da planta. Al\u00e9m de proporcionar solu\u00e7\u00f5es eficazes e inovadoras.\n\n\n<h2>Valor<\/h2>\n\nAuxiliar as Associa\u00e7\u00f5es de Pacientes, Empresas de Produtos de Cannabis, Laborat\u00f3rios Farmac\u00eauticos e Prescritores utilizando protocolos padronizados, boas pr\u00e1ticas e normativas determinadas pelas ag\u00eancias regulat\u00f3rias, al\u00e9m de orientar tecnicamente as pr\u00e1ticas, pesquisas cl\u00ednicas e desenvolvimento tecnol\u00f3gico com base em evid\u00eancias cient\u00edficas.\n\n\n\n\n\n<h2>Nossos Profissionais<\/h2>\n\n\n<p>A MedCannabis \u00e9 um hub especializado em medicina canabinoide, oferecendo educa\u00e7\u00e3o, consultorias, aux\u00edlio em patentes, al\u00e9m de suporte na constru\u00e7\u00e3o de projetos e protocolos. Com uma abordagem baseada em evid\u00eancias cient\u00edficas, capacitamos profissionais da sa\u00fade e apoiamos iniciativas inovadoras no setor. Nosso time de especialistas promove conhecimento t\u00e9cnico e \u00e9tico, impulsionando a pesquisa, a pr\u00e1tica cl\u00ednica e a democratiza\u00e7\u00e3o do acesso \u00e0 sa\u00fade integral. Conhe\u00e7a o nosso time:<\/p>\n\n\n<p><\/p><p>Bi\u00f3loga, doutora em Fisiologia (UFMG) e p\u00f3s-doc em Drug Discovery (UK). Pesquisadora da UNILA, atua com canabinoides, psicod\u00e9licos e doen\u00e7as raras. CEO da MedCannabis e idealizadora da Comitiva de Ponta.<\/p><p><br><\/p><p><br><\/p><p><\/p>\n\n\n<p> M\u00e9dico pela universidade Souza Marques em 2010, Tenente M\u00e9dico das For\u00e7as Armadas da Aeronautica 2011, Ortopedista e traumatologista  e  especialidade em cirurgia de joelho.&nbsp; P\u00f3s graduado em medicina canabinoide pela Unifesp e Cannabis Academy em 2020. Coordenador da p\u00f3s gradua\u00e7\u00e3o em medicina  canabinoide do grupo CONAES Brasil 2024.<\/p>\n\n\n<p> M\u00e9dico Anestesiologista pelo CET de Campinas \n\u00c1rea de Atua\u00e7\u00e3o em Dor pela SBA\/AMB \nCoordenador da C\u00e2mera T\u00e9cnica Dor da AMBCANN\nProfessor da P\u00f3s Gradua\u00e7\u00e3o em Dor do Hospital Albert Einstein \nCertifica\u00e7\u00e3o em Endocanabiologia pela Universidade Hebraica de Jerusal\u00e9m.<\/p><p><br><\/p>\n\n\n\n\n\n<p>Cirurgi\u00e3o de Cabe\u00e7a e Pesco\u00e7o, doutor e livre-docente pela USP, com ampla atua\u00e7\u00e3o acad\u00eamica e internacional. Autor de mais de 250 publica\u00e7\u00f5es, \u00e9 refer\u00eancia em ensino, pesquisa e terapias oncol\u00f3gicas.<\/p><p><strong>CRM: SC \u2013 11.496 SP \u2013 24.444<\/strong><\/p>\n\n\n\n\n<p>M\u00e9dica psiquiatra com 15 anos na \u00e1rea e terapeuta junguiana h\u00e1 20. Atuou em CAPS, hospitais e coordena\u00e7\u00f5es em sa\u00fade mental. Prescritora de Cannabis h\u00e1 4 anos, atende em consult\u00f3rio em S\u00e3o Paulo.<\/p><p><strong><br><\/strong><\/p><p><strong>CREMESP 190.386<\/strong><\/p>\n\n\n\n\n<p>Fisioterapeuta cl\u00ednico especializado em Cannabis Medicinal e Fitoterapia, Luiz Antonio atua com terapias integrativas, unindo ci\u00eancia, reabilita\u00e7\u00e3o, nutri\u00e7\u00e3o e bem-estar. Professor e palestrante na \u00e1rea.<\/p><p><br><\/p>","protected":false},"excerpt":{"rendered":"","protected":false},"author":6,"featured_media":0,"parent":0,"menu_order":0,"comment_status":"closed","ping_status":"closed","template":"","meta":{"nf_dc_page":"","pagelayer_contact_templates":[],"_pagelayer_content":"","footnotes":""},"class_list":["post-185","page","type-page","status-publish","hentry"],"_links":{"self":[{"href":"https:\/\/portalmedcannabis.com.br\/en_us\/wp-json\/wp\/v2\/pages\/185","targetHints":{"allow":["GET"]}}],"collection":[{"href":"https:\/\/portalmedcannabis.com.br\/en_us\/wp-json\/wp\/v2\/pages"}],"about":[{"href":"https:\/\/portalmedcannabis.com.br\/en_us\/wp-json\/wp\/v2\/types\/page"}],"author":[{"embeddable":true,"href":"https:\/\/portalmedcannabis.com.br\/en_us\/wp-json\/wp\/v2\/users\/6"}],"replies":[{"embeddable":true,"href":"https:\/\/portalmedcannabis.com.br\/en_us\/wp-json\/wp\/v2\/comments?post=185"}],"version-history":[{"count":5,"href":"https:\/\/portalmedcannabis.com.br\/en_us\/wp-json\/wp\/v2\/pages\/185\/revisions"}],"predecessor-version":[{"id":1116,"href":"https:\/\/portalmedcannabis.com.br\/en_us\/wp-json\/wp\/v2\/pages\/185\/revisions\/1116"}],"wp:attachment":[{"href":"https:\/\/portalmedcannabis.com.br\/en_us\/wp-json\/wp\/v2\/media?parent=185"}],"curies":[{"name":"wp","href":"https:\/\/api.w.org\/{rel}","templated":true}]}}