{"id":19,"date":"2025-01-24T18:49:32","date_gmt":"2025-01-24T18:49:32","guid":{"rendered":"https:\/\/portalmedcannabis.com.br\/home\/"},"modified":"2025-08-07T12:28:55","modified_gmt":"2025-08-07T12:28:55","slug":"home","status":"publish","type":"page","link":"https:\/\/portalmedcannabis.com.br\/en_us\/","title":{"rendered":"Home"},"content":{"rendered":"\n\n\n\n<h2>Participe do 4\u00ba Curso de Capacita\u00e7\u00e3o de Prescri\u00e7\u00e3o de Canabinoides (PRESENCIAL)<\/h2>\n<p class=\"relative flex-col gap-1 md:gap-3\"><p class=\"flex max-w-full flex-col grow\"><p data-message-author-role=\"assistant\" data-message-id=\"81c1db26-9e6c-4441-abbb-c257e92fd23c\" dir=\"auto\" class=\"min-h-8 text-message relative flex w-full flex-col items-end gap-2 text-start break-words whitespace-normal [.text-message+&amp;]:mt-5\" data-message-model-slug=\"gpt-4o\"><p class=\"flex w-full flex-col gap-1 empty:hidden first:pt-[3px]\"><p class=\"markdown prose dark:prose-invert w-full break-words light\"><p data-start=\"0\" data-end=\"487\" data-is-last-node=\"\" data-is-only-node=\"\">Nossos Cursos Presenciais t\u00eam como objetivos principais:\nPreparar os prescritores m\u00e9dicos para que ao final do curso estejam habilitados, competentes e seguros para iniciar a  prescri\u00e7\u00e3o de produtos canabinoides de empresas parceiras que apostam na qualidade do conhecimento para a garantia de sucesso na prescri\u00e7\u00e3o.\nDar suporte de consultoria personalizada para os \u201cprimeiros passos\u201d na prescri\u00e7\u00e3o de canabinoides.\nFornecer material diferenciado como suporte para consultas r\u00e1pidas e eficientes na escolha do produto, prescri\u00e7\u00e3o e conte\u00fado cient\u00edfico. \nFacilitar o acesso a produtos de qualidade de Laborat\u00f3rios Farmac\u00eauticos, Empresas e Associa\u00e7\u00f5es de Pacientes.&nbsp; &nbsp;<\/p><\/p><\/p><\/p><\/p><\/p>\n\n\n<h4>Preencha o formul\u00e1rio para receber informa\u00e7\u00f5es<\/b><\/h4>\n\n\n\n\n\n\n\n\n\n\n<h2>Conhe\u00e7a nossos cursos<\/h2>\n\n\n\n<p>Nossos cursos oferecem uma imers\u00e3o completa no universo da cannabis medicinal, com conte\u00fados baseados em evid\u00eancias cient\u00edficas e pr\u00e1ticas cl\u00ednicas. Com foco na prescri\u00e7\u00e3o e no manejo terap\u00eautico, cada aula \u00e9 ministrada por especialistas renomados, garantindo conhecimento de ponta. Aprenda de forma acess\u00edvel, conte com materiais exclusivos e fortale\u00e7a sua atua\u00e7\u00e3o profissional nessa \u00e1rea em expans\u00e3o!<\/p>\n\n\n\n\n\nExplore o SEC e seu impacto na sa\u00fade com um curso t\u00e9cnico e acess\u00edvel. Aprenda sobre sua modula\u00e7\u00e3o corp\u00f3rea, aplica\u00e7\u00f5es terap\u00eauticas da cannabis e regulamenta\u00e7\u00f5es no Brasil.&nbsp;\n<div><br><\/div><div><br><\/div>\n\n\n<span style=\"text-align: start; background-color: rgb(255, 255, 255);\">O curso Cannabis Medicinal \u2013 Produtos, Legisla\u00e7\u00e3o e Prescri\u00e7\u00e3o no Brasil oferece uma abordagem atualizada sobre o uso da Cannabis na sa\u00fade, explorando desde os fundamentos da regulamenta\u00e7\u00e3o at\u00e9 a prescri\u00e7\u00e3o e monitoramento cl\u00ednico dos produtos.&nbsp;<\/span><div><span style=\"text-align: start; background-color: rgb(255, 255, 255);\"><br><\/span><\/div><div><span style=\"text-align: start; background-color: rgb(255, 255, 255);\"><br><\/span><\/div>\n\n\n\n\n\n\n\n\n\n\n<p [object NamedNodeMap]>Nossos treinamentos s\u00e3o pensados para oferecer conte\u00fado pr\u00e1tico e te\u00f3rico sobre prescri\u00e7\u00e3o e uso medicinal da cannabis. Cada aula \u00e9 uma experi\u00eancia transformadora para ampliar suas habilidades e confian\u00e7a cl\u00ednica.<\/p>\n\n\n\n\n<p [object NamedNodeMap]>Receba materiais did\u00e1ticos detalhados, com conte\u00fados atualizados e refer\u00eancias cient\u00edficas para consulta e aprofundamento. E participe de f\u00f3runs exclusivos, conectando-se com especialistas e profissionais da \u00e1rea. Um espa\u00e7o para trocas.<\/p>\n\n\n\n\n<p [object NamedNodeMap]>Tenha aulas com mestres e doutores reconhecidos, l\u00edderes em pesquisa e pr\u00e1tica cl\u00ednica com cannabis medicinal, que trazem conhecimento acad\u00eamico aliado \u00e0 experi\u00eancia de mercado.<\/p>\n\n\n\n\n<p [object NamedNodeMap]>Ao finalizar o curso, receba um certificado reconhecido, que comprova sua capacita\u00e7\u00e3o e agrega valor \u00e0 sua trajet\u00f3ria profissional.<\/p>\n\n\n\n\n\n\n<h2>Nosso impacto<\/h2>\n\n\n\n<p>Promovemos uma educa\u00e7\u00e3o que abre novos caminhos e possibilidades para a sa\u00fade integral e a medicina canabinoide. Nosso objetivo \u00e9 capacitar profissionais, pacientes e comunidades com conhecimento de qualidade, impulsionando pr\u00e1ticas inovadoras e acess\u00edveis. Cada curso, f\u00f3rum ou treinamento \u00e9 uma semente plantada para um futuro onde sa\u00fade, ci\u00eancia e equidade caminham lado a lado.<\/p>\n\n\n\n\n\n\n\n\n\n\n\n\n\n\n\n\n\n\n\n\n\n\n\n\n\n<h2>Informa\u00e7\u00e3o Especializada em Medicina Canabinoide<\/h2>\n\n\n\n<p>Nosso blog \u00e9 um espa\u00e7o dedicado \u00e0 dissemina\u00e7\u00e3o de conhecimento qualificado sobre sa\u00fade integral e medicina canabinoide. Aqui, voc\u00ea encontra artigos e pesquisas produzidos por nossa equipe de especialistas, al\u00e9m de conte\u00fados exclusivos que abordam as \u00faltimas inova\u00e7\u00f5es, estudos cient\u00edficos e aplica\u00e7\u00f5es pr\u00e1ticas no campo. Nosso compromisso \u00e9 trazer informa\u00e7\u00f5es confi\u00e1veis, aprofundadas e atualizadas para profissionais e interessados na transforma\u00e7\u00e3o da sa\u00fade por meio da educa\u00e7\u00e3o e ci\u00eancia.<\/p>\n\n\n\n<span style=\"font-size: medium;\"><p class=\"\" style=\"text-align: justify;\">Nosso corpo possui um sistema fascinante chamado&nbsp;<span style=\"font-weight: 700;\">sistema endocanabinoide (SEC)<\/span>, que desempenha um papel essencial na regula\u00e7\u00e3o de fun\u00e7\u00f5es como humor, dor, apetite e bem-estar geral. Estudos recentes t\u00eam explorado como pr\u00e1ticas f\u00edsicas e meditativas, como esportes, ioga e medita\u00e7\u00e3o, ativam o SEC, promovendo efeitos positivos na mente e no corpo.<\/p><p class=\"\" style=\"text-align: justify;\"><\/p><\/span><p class=\"\" style=\"text-align: justify;\"><br><\/p>\n\n\n\n<p [object NamedNodeMap]>\u00c9 com grande entusiasmo que anunciamos que a\u00a0MedCannabis\u00a0\u00e9 parceira oficial do\u00a0Instituto Sophia Vercelli (ISV)\u00a0no projeto\u00a0\u201cInterven\u00e7\u00f5es Socioeducativas para Populariza\u00e7\u00e3o do Uso da Terapia Canabinoide na Reabilita\u00e7\u00e3o de Crian\u00e7as com Atraso no Neurodesenvolvimento\u201d, contemplado pela emenda parlamentar com foco em Cannabis Medicinal e do C\u00e2nhamo Industrial da ALESP (Assembleia Legislativa de S\u00e3o Paulo).<\/p>\n\n\n\n<p class=\"\" style=\"text-align: justify;\">O sistema endocanabinoide (SEC) \u00e9 muito mais do que uma rede de regula\u00e7\u00e3o no corpo. Ele apresenta uma forma de comunica\u00e7\u00e3o \u00fanica entre os neur\u00f4nios, essencial para o equil\u00edbrio cerebral. Diferente dos sistemas tradicionais de neurotransmissores, o SEC opera com um mecanismo especial: a&nbsp;<span style=\"font-weight: 700;\">sinaliza\u00e7\u00e3o retrograda<\/span>.<\/p><p style=\"text-align: justify;\"><br><\/p>\n\n\n\n\n\n\n\n<h3>Entre em contato conosco<\/h3>\n\n\n<h3><span style=\"font-family: &quot;Open Sans&quot;; font-size: 16px;\">Fique por dentro das \u00faltimas novidades sobre cannabis medicinal! <\/span><\/h3>\n\n\n<h3><span style=\"font-family: &quot;Open Sans&quot;; font-size: 16px;\">Assine nossa newsletter e receba conte\u00fados exclusivos direto no seu e-mail.\u00a0<\/span><\/h3>\n\n\n\n\n\n\n\n\n\n\n\n\n\n\n<h2>Nossos Servi\u00e7os<\/h2>\n\n\n\n<p>Oferecemos uma ampla gama de servi\u00e7os voltados \u00e0 educa\u00e7\u00e3o e consultoria em sa\u00fade integral e medicina canabinoide, com o objetivo de capacitar profissionais e impactar positivamente vidas.<\/p>\n\n\n\n<br>\n\n\n\n<br>\n\n\n\n\n<br>\n\n\n\n\n<br>\n\n\n\n\n\n\n\n\n\n\n\n\n\n\n\n\n\n\n","protected":false},"excerpt":{"rendered":"","protected":false},"author":1,"featured_media":0,"parent":0,"menu_order":0,"comment_status":"closed","ping_status":"closed","template":"","meta":{"nf_dc_page":"","pagelayer_contact_templates":{"k328985":{"to_email":"contato@portalmedcannabis.com.br","from_email":"$Email","cont_subject":"$Nome | 4\u00aa Edi\u00e7\u00e3o Curso de Capacita\u00e7\u00e3o de Prescri\u00e7\u00e3o de Canabinoides","cont_body":"$Nome se inscreveu para o curso em parceria com a Gador.\nE deseja receber mais informa\u00e7\u00e3o em $Email. E comunica\u00e7\u00f5es por $WhatsApp."}},"_pagelayer_content":"","footnotes":""},"class_list":["post-19","page","type-page","status-publish","hentry"],"_links":{"self":[{"href":"https:\/\/portalmedcannabis.com.br\/en_us\/wp-json\/wp\/v2\/pages\/19","targetHints":{"allow":["GET"]}}],"collection":[{"href":"https:\/\/portalmedcannabis.com.br\/en_us\/wp-json\/wp\/v2\/pages"}],"about":[{"href":"https:\/\/portalmedcannabis.com.br\/en_us\/wp-json\/wp\/v2\/types\/page"}],"author":[{"embeddable":true,"href":"https:\/\/portalmedcannabis.com.br\/en_us\/wp-json\/wp\/v2\/users\/1"}],"replies":[{"embeddable":true,"href":"https:\/\/portalmedcannabis.com.br\/en_us\/wp-json\/wp\/v2\/comments?post=19"}],"version-history":[{"count":4,"href":"https:\/\/portalmedcannabis.com.br\/en_us\/wp-json\/wp\/v2\/pages\/19\/revisions"}],"predecessor-version":[{"id":1123,"href":"https:\/\/portalmedcannabis.com.br\/en_us\/wp-json\/wp\/v2\/pages\/19\/revisions\/1123"}],"wp:attachment":[{"href":"https:\/\/portalmedcannabis.com.br\/en_us\/wp-json\/wp\/v2\/media?parent=19"}],"curies":[{"name":"wp","href":"https:\/\/api.w.org\/{rel}","templated":true}]}}