{"id":407,"date":"2025-03-06T13:18:53","date_gmt":"2025-03-06T13:18:53","guid":{"rendered":"https:\/\/portalmedcannabis.com.br\/carrinho\/"},"modified":"2025-03-06T13:19:01","modified_gmt":"2025-03-06T13:19:01","slug":"carrinho","status":"publish","type":"page","link":"https:\/\/portalmedcannabis.com.br\/en_us\/carrinho\/","title":{"rendered":"Carrinho"},"content":{"rendered":"\n<div data-block-name=\"woocommerce\/cart\" class=\"wp-block-woocommerce-cart alignwide is-loading\">\n<div data-block-name=\"woocommerce\/filled-cart-block\" class=\"wp-block-woocommerce-filled-cart-block\">\n<div data-block-name=\"woocommerce\/cart-items-block\" class=\"wp-block-woocommerce-cart-items-block\">\n<div data-block-name=\"woocommerce\/cart-line-items-block\" class=\"wp-block-woocommerce-cart-line-items-block\"><\/div>\n\n\n\n<div data-block-name=\"woocommerce\/cart-cross-sells-block\" class=\"wp-block-woocommerce-cart-cross-sells-block\">\n<h2 class=\"wp-block-heading has-large-font-size\">Pode estar interessado em\u2026<\/h2>\n\n\n\n<div data-block-name=\"woocommerce\/cart-cross-sells-products-block\" class=\"wp-block-woocommerce-cart-cross-sells-products-block\"><\/div>\n<\/div>\n<\/div>\n\n\n\n<div data-block-name=\"woocommerce\/cart-totals-block\" class=\"wp-block-woocommerce-cart-totals-block\">\n<div data-block-name=\"woocommerce\/cart-order-summary-block\" class=\"wp-block-woocommerce-cart-order-summary-block\">\n<div data-block-name=\"woocommerce\/cart-order-summary-heading-block\" class=\"wp-block-woocommerce-cart-order-summary-heading-block\"><\/div><div data-block-name=\"woocommerce\/cart-order-summary-coupon-form-block\" class=\"wp-block-woocommerce-cart-order-summary-coupon-form-block\"><\/div><div data-block-name=\"woocommerce\/cart-order-summary-totals-block\" class=\"wp-block-woocommerce-cart-order-summary-totals-block\">\n<div data-block-name=\"woocommerce\/cart-order-summary-subtotal-block\" class=\"wp-block-woocommerce-cart-order-summary-subtotal-block\"><\/div>\n<div data-block-name=\"woocommerce\/cart-order-summary-discount-block\" class=\"wp-block-woocommerce-cart-order-summary-discount-block\"><\/div>\n<div data-block-name=\"woocommerce\/cart-order-summary-fee-block\" class=\"wp-block-woocommerce-cart-order-summary-fee-block\"><\/div>\n<div data-block-name=\"woocommerce\/cart-order-summary-shipping-block\" class=\"wp-block-woocommerce-cart-order-summary-shipping-block\"><\/div>\n<div data-block-name=\"woocommerce\/cart-order-summary-taxes-block\" class=\"wp-block-woocommerce-cart-order-summary-taxes-block\"><\/div><\/div>\n<\/div>\n\n\n\n<div data-block-name=\"woocommerce\/cart-express-payment-block\" class=\"wp-block-woocommerce-cart-express-payment-block\"><\/div>\n\n\n\n<div data-block-name=\"woocommerce\/proceed-to-checkout-block\" class=\"wp-block-woocommerce-proceed-to-checkout-block\"><\/div>\n\n\n\n<div data-block-name=\"woocommerce\/cart-accepted-payment-methods-block\" class=\"wp-block-woocommerce-cart-accepted-payment-methods-block\"><\/div>\n<\/div>\n<\/div>\n\n\n\n<div data-block-name=\"woocommerce\/empty-cart-block\" class=\"wp-block-woocommerce-empty-cart-block\">\n<h2 class=\"wp-block-heading has-text-align-center with-empty-cart-icon wc-block-cart__empty-cart__title\">O seu carrinho est\u00e1 vazio!<\/h2>\n\n\n\n<hr class=\"wp-block-separator has-alpha-channel-opacity is-style-dots\"\/>\n\n\n\n<h2 class=\"wp-block-heading has-text-align-center\">Novo na loja<\/h2>\n\n\n<div data-block-name=\"woocommerce\/product-new\" data-columns=\"4\" data-rows=\"1\" class=\"wc-block-grid wp-block-product-new wp-block-woocommerce-product-new wc-block-product-new has-4-columns\"><ul class=\"wc-block-grid__products\"><li class=\"wc-block-grid__product\">\n\t\t\t\t<a href=\"https:\/\/portalmedcannabis.com.br\/en_us\/product\/mentoria-alem-da-prescricao\/\" class=\"wc-block-grid__product-link\">\n\t\t\t\t\t\n\t\t\t\t\t<div class=\"wc-block-grid__product-image\"><img loading=\"lazy\" decoding=\"async\" loading=\"lazy\" width=\"300\" height=\"300\" src=\"https:\/\/portalmedcannabis.com.br\/wp-content\/uploads\/2026\/01\/IMG-20260127-WA0172-300x300.webp\" class=\"attachment-woocommerce_thumbnail size-woocommerce_thumbnail\" alt=\"Mentoria al\u00e9m da prescri\u00e7\u00e3o\" srcset=\"https:\/\/portalmedcannabis.com.br\/wp-content\/uploads\/2026\/01\/IMG-20260127-WA0172-300x300.webp 300w, https:\/\/portalmedcannabis.com.br\/wp-content\/uploads\/2026\/01\/IMG-20260127-WA0172-150x150.webp 150w, https:\/\/portalmedcannabis.com.br\/wp-content\/uploads\/2026\/01\/IMG-20260127-WA0172-100x100.webp 100w\" sizes=\"auto, (max-width: 300px) 100vw, 300px\" \/><\/div>\n\t\t\t\t\t<div class=\"wc-block-grid__product-title\">Mentoria al\u00e9m da prescri\u00e7\u00e3o<\/div>\n\t\t\t\t<\/a>\n\t\t\t\t<div class=\"wc-block-grid__product-price price\"><span class=\"woocommerce-Price-amount amount\"><span class=\"woocommerce-Price-currencySymbol\">&#082;&#036;<\/span>1,500.00<\/span><\/div>\n\t\t\t\t\n\t\t\t\t<div class=\"wp-block-button wc-block-grid__product-add-to-cart\"><a href=\"\/en_us\/wp-json\/wp\/v2\/pages\/407?add-to-cart=1383\" aria-label=\"Add to cart: &ldquo;Mentoria al\u00e9m da prescri\u00e7\u00e3o&rdquo;\" data-quantity=\"1\" data-product_id=\"1383\" data-product_sku=\"\" data-price=\"1500\" rel=\"nofollow\" class=\"wp-block-button__link  add_to_cart_button ajax_add_to_cart\">Add to cart<\/a><\/div>\n\t\t\t<\/li><li class=\"wc-block-grid__product\">\n\t\t\t\t<a href=\"https:\/\/portalmedcannabis.com.br\/en_us\/product\/curso-de-capacitacao-de-prescricao-de-canabinoides-4a-edicao-presencial\/\" class=\"wc-block-grid__product-link\">\n\t\t\t\t\t\n\t\t\t\t\t<div class=\"wc-block-grid__product-image\"><img loading=\"lazy\" decoding=\"async\" loading=\"lazy\" width=\"300\" height=\"300\" src=\"https:\/\/portalmedcannabis.com.br\/wp-content\/uploads\/2025\/07\/curso-prescricao-5-300x300.webp\" class=\"attachment-woocommerce_thumbnail size-woocommerce_thumbnail\" alt=\"Curso de Capacita\u00e7\u00e3o de Prescri\u00e7\u00e3o de Canabinoides - 4\u00aa Edi\u00e7\u00e3o | Porto Alegre [PRESENCIAL]\" srcset=\"https:\/\/portalmedcannabis.com.br\/wp-content\/uploads\/2025\/07\/curso-prescricao-5-300x300.webp 300w, https:\/\/portalmedcannabis.com.br\/wp-content\/uploads\/2025\/07\/curso-prescricao-5-150x150.webp 150w, https:\/\/portalmedcannabis.com.br\/wp-content\/uploads\/2025\/07\/curso-prescricao-5-100x100.webp 100w, https:\/\/portalmedcannabis.com.br\/wp-content\/uploads\/2025\/07\/curso-prescricao-5.webp 500w\" sizes=\"auto, (max-width: 300px) 100vw, 300px\" \/><\/div>\n\t\t\t\t\t<div class=\"wc-block-grid__product-title\">Curso de Capacita\u00e7\u00e3o de Prescri\u00e7\u00e3o de Canabinoides &#8211; 4\u00aa Edi\u00e7\u00e3o | Porto Alegre [PRESENCIAL]<\/div>\n\t\t\t\t<\/a>\n\t\t\t\t<div class=\"wc-block-grid__product-price price\"><span class=\"woocommerce-Price-amount amount\"><span class=\"woocommerce-Price-currencySymbol\">&#082;&#036;<\/span>1,800.00<\/span><\/div>\n\t\t\t\t\n\t\t\t\t<div class=\"wp-block-button wc-block-grid__product-add-to-cart\"><a href=\"\/en_us\/wp-json\/wp\/v2\/pages\/407?add-to-cart=1095\" aria-label=\"Add to cart: &ldquo;Curso de Capacita\u00e7\u00e3o de Prescri\u00e7\u00e3o de Canabinoides - 4\u00aa Edi\u00e7\u00e3o | Porto Alegre [PRESENCIAL]&rdquo;\" data-quantity=\"1\" data-product_id=\"1095\" data-product_sku=\"\" data-price=\"1800\" rel=\"nofollow\" class=\"wp-block-button__link  add_to_cart_button ajax_add_to_cart\">Add to cart<\/a><\/div>\n\t\t\t<\/li><li class=\"wc-block-grid__product\">\n\t\t\t\t<a href=\"https:\/\/portalmedcannabis.com.br\/en_us\/product\/certificacao-curso-de-capacitacao-para-prescricao-de-cannabis-medicinal\/\" class=\"wc-block-grid__product-link\">\n\t\t\t\t\t\n\t\t\t\t\t<div class=\"wc-block-grid__product-image\"><img loading=\"lazy\" decoding=\"async\" loading=\"lazy\" width=\"300\" height=\"300\" src=\"https:\/\/portalmedcannabis.com.br\/wp-content\/uploads\/2025\/06\/certificacao-leaf-300x300.webp\" class=\"attachment-woocommerce_thumbnail size-woocommerce_thumbnail\" alt=\"[CERTIFICA\u00c7\u00c3O] Curso de Capacita\u00e7\u00e3o para Prescri\u00e7\u00e3o de Cannabis medicinal\" srcset=\"https:\/\/portalmedcannabis.com.br\/wp-content\/uploads\/2025\/06\/certificacao-leaf-300x300.webp 300w, https:\/\/portalmedcannabis.com.br\/wp-content\/uploads\/2025\/06\/certificacao-leaf-150x150.webp 150w, https:\/\/portalmedcannabis.com.br\/wp-content\/uploads\/2025\/06\/certificacao-leaf-100x100.webp 100w\" sizes=\"auto, (max-width: 300px) 100vw, 300px\" \/><\/div>\n\t\t\t\t\t<div class=\"wc-block-grid__product-title\">[CERTIFICA\u00c7\u00c3O] Curso de Capacita\u00e7\u00e3o para Prescri\u00e7\u00e3o de Cannabis medicinal<\/div>\n\t\t\t\t<\/a>\n\t\t\t\t<div class=\"wc-block-grid__product-price price\"><span class=\"woocommerce-Price-amount amount\"><span class=\"woocommerce-Price-currencySymbol\">&#082;&#036;<\/span>100.00<\/span><\/div>\n\t\t\t\t\n\t\t\t\t<div class=\"wp-block-button wc-block-grid__product-add-to-cart\"><a href=\"\/en_us\/wp-json\/wp\/v2\/pages\/407?add-to-cart=1065\" aria-label=\"Add to cart: &ldquo;[CERTIFICA\u00c7\u00c3O] Curso de Capacita\u00e7\u00e3o para Prescri\u00e7\u00e3o de Cannabis medicinal&rdquo;\" data-quantity=\"1\" data-product_id=\"1065\" data-product_sku=\"\" data-price=\"100\" rel=\"nofollow\" class=\"wp-block-button__link  add_to_cart_button ajax_add_to_cart\">Add to cart<\/a><\/div>\n\t\t\t<\/li><li class=\"wc-block-grid__product\">\n\t\t\t\t<a href=\"https:\/\/portalmedcannabis.com.br\/en_us\/product\/pacote-com-mentoria-sincrona\/\" class=\"wc-block-grid__product-link\">\n\t\t\t\t\t<div class=\"wc-block-grid__product-onsale\">\n\t\t\t<span aria-hidden=\"true\">Sale<\/span>\n\t\t\t<span class=\"screen-reader-text\">Product on sale<\/span>\n\t\t<\/div>\n\t\t\t\t\t<div class=\"wc-block-grid__product-image\"><img loading=\"lazy\" decoding=\"async\" loading=\"lazy\" width=\"300\" height=\"300\" src=\"https:\/\/portalmedcannabis.com.br\/wp-content\/uploads\/2025\/04\/thumb-medcannabis-300-x-300-px-2.webp\" class=\"attachment-woocommerce_thumbnail size-woocommerce_thumbnail\" alt=\"Pacote: Inicia\u00e7\u00e3o em Prescri\u00e7\u00e3o de Canabionoides com Mentoria S\u00edncrona\" srcset=\"https:\/\/portalmedcannabis.com.br\/wp-content\/uploads\/2025\/04\/thumb-medcannabis-300-x-300-px-2.webp 300w, https:\/\/portalmedcannabis.com.br\/wp-content\/uploads\/2025\/04\/thumb-medcannabis-300-x-300-px-2-150x150.webp 150w, https:\/\/portalmedcannabis.com.br\/wp-content\/uploads\/2025\/04\/thumb-medcannabis-300-x-300-px-2-100x100.webp 100w\" sizes=\"auto, (max-width: 300px) 100vw, 300px\" \/><\/div>\n\t\t\t\t\t<div class=\"wc-block-grid__product-title\">Pacote: Inicia\u00e7\u00e3o em Prescri\u00e7\u00e3o de Canabionoides com Mentoria S\u00edncrona<\/div>\n\t\t\t\t<\/a>\n\t\t\t\t<div class=\"wc-block-grid__product-price price\"><del aria-hidden=\"true\"><span class=\"woocommerce-Price-amount amount\"><span class=\"woocommerce-Price-currencySymbol\">&#082;&#036;<\/span>1,000.00<\/span><\/del> <span class=\"screen-reader-text\">Original price was: &#082;&#036;1,000.00.<\/span><ins aria-hidden=\"true\"><span class=\"woocommerce-Price-amount amount\"><span class=\"woocommerce-Price-currencySymbol\">&#082;&#036;<\/span>500.00<\/span><\/ins><span class=\"screen-reader-text\">Current price is: &#082;&#036;500.00.<\/span><\/div>\n\t\t\t\t\n\t\t\t\t<div class=\"wp-block-button wc-block-grid__product-add-to-cart\"><a href=\"\/en_us\/wp-json\/wp\/v2\/pages\/407?add-to-cart=839\" aria-label=\"Add to cart: &ldquo;Pacote: Inicia\u00e7\u00e3o em Prescri\u00e7\u00e3o de Canabionoides com Mentoria S\u00edncrona&rdquo;\" data-quantity=\"1\" data-product_id=\"839\" data-product_sku=\"\" data-price=\"500\" rel=\"nofollow\" class=\"wp-block-button__link  add_to_cart_button ajax_add_to_cart\">Add to cart<\/a><\/div>\n\t\t\t<\/li><\/ul><\/div><\/div>\n<\/div>\n","protected":false},"excerpt":{"rendered":"","protected":false},"author":1,"featured_media":0,"parent":0,"menu_order":0,"comment_status":"closed","ping_status":"closed","template":"","meta":{"nf_dc_page":"","pagelayer_contact_templates":[],"_pagelayer_content":"","footnotes":""},"class_list":["post-407","page","type-page","status-publish","hentry"],"_links":{"self":[{"href":"https:\/\/portalmedcannabis.com.br\/en_us\/wp-json\/wp\/v2\/pages\/407","targetHints":{"allow":["GET"]}}],"collection":[{"href":"https:\/\/portalmedcannabis.com.br\/en_us\/wp-json\/wp\/v2\/pages"}],"about":[{"href":"https:\/\/portalmedcannabis.com.br\/en_us\/wp-json\/wp\/v2\/types\/page"}],"author":[{"embeddable":true,"href":"https:\/\/portalmedcannabis.com.br\/en_us\/wp-json\/wp\/v2\/users\/1"}],"replies":[{"embeddable":true,"href":"https:\/\/portalmedcannabis.com.br\/en_us\/wp-json\/wp\/v2\/comments?post=407"}],"version-history":[{"count":1,"href":"https:\/\/portalmedcannabis.com.br\/en_us\/wp-json\/wp\/v2\/pages\/407\/revisions"}],"predecessor-version":[{"id":414,"href":"https:\/\/portalmedcannabis.com.br\/en_us\/wp-json\/wp\/v2\/pages\/407\/revisions\/414"}],"wp:attachment":[{"href":"https:\/\/portalmedcannabis.com.br\/en_us\/wp-json\/wp\/v2\/media?parent=407"}],"curies":[{"name":"wp","href":"https:\/\/api.w.org\/{rel}","templated":true}]}}