{"id":423,"date":"2025-03-12T12:13:39","date_gmt":"2025-03-12T12:13:39","guid":{"rendered":"https:\/\/portalmedcannabis.com.br\/?page_id=423"},"modified":"2025-03-28T08:29:44","modified_gmt":"2025-03-28T08:29:44","slug":"servicos","status":"publish","type":"page","link":"https:\/\/portalmedcannabis.com.br\/en_us\/servicos\/","title":{"rendered":"Services"},"content":{"rendered":"<h2>Conhe\u00e7a nossos Servi\u00e7os&nbsp;<\/h2>\n\n\n\n\n\n\n<p style=\"text-align: center;\"><span style=\"font-size:small;\">A MedCannabis oferece solu\u00e7\u00f5es especializadas para m\u00e9dicos, empresas e pesquisadores que atuam no setor can\u00e1bico. Nossos servi\u00e7os abrangem consultoria t\u00e9cnica e regulat\u00f3ria, suporte no desenvolvimento de produtos, cursos e materiais educacionais, al\u00e9m de assessoria em propriedade industrial e protocolos cl\u00ednicos. Com expertise cient\u00edfica e foco na inova\u00e7\u00e3o, ajudamos a transformar conhecimento em pr\u00e1tica com seguran\u00e7a e efici\u00eancia.<\/span><\/p>\n\n\n\n\n\n\n\n\n<span style=\"font-size: small;\">Oferece consultoria especializada para m\u00e9dicos, odont\u00f3logos, m\u00e9dicos veterin\u00e1rios, empresas e associa\u00e7\u00f5es do terceiro setor que desejam atuar com seguran\u00e7a e embasamento t\u00e9cnico-cient\u00edfico no setor de Cannabis Medicinal. Nosso servi\u00e7o \u00e9 voltado para profissionais da sa\u00fade que buscam aprofundar seus conhecimentos sobre prescri\u00e7\u00e3o e manejo cl\u00ednico, assim como para empresas e associa\u00e7\u00f5es que necessitam de suporte t\u00e9cnico e regulat\u00f3rio para a comercializa\u00e7\u00e3o, produ\u00e7\u00e3o e desenvolvimento de produtos \u00e0 base de Cannabis.<\/span>\n\n\n<span style=\"font-size:small;\">Oferecemos cursos, materiais e conte\u00fados personalizados que abordam os fundamentos do sistema endocanabinoide, aplica\u00e7\u00f5es terap\u00eauticas e prescri\u00e7\u00e3o cl\u00ednica direcionada, al\u00e9m de aspectos regulat\u00f3rios brasileiros e da Am\u00e9rica Latina. Al\u00e9m disso, disponibilizamos protocolos, e-books, guias t\u00e9cnicos e aulas especializadas, garantindo acesso a informa\u00e7\u00f5es atualizadas e confi\u00e1veis. Com uma abordagem did\u00e1tica baseada em evid\u00eancias cient\u00edficas, capacitamos profissionais para o uso e prescri\u00e7\u00e3o eficazes da Cannabis na sa\u00fade garantindo uma <em>abordagem <\/em>segura.<\/span>\n\n\n\n\n\n\n\n\n<span style=\"font-size: small;\">Nossa equipe auxilia nos projetos desde a elabora\u00e7\u00e3o \u00e0 comercializa\u00e7\u00e3o, sendo eles relacionados ao cultivo, fabrica\u00e7\u00e3o de medicamentos fitoter\u00e1picos, pesquisa e desenvolvimento experimental pr\u00e9-cl\u00ednico e cl\u00ednico com Cannabis.&nbsp;<\/span><span style=\"font-size: small;\">Atuamos com testes toxicol\u00f3gicos <\/span><em style=\"font-size: small;\">in silico<\/em><span style=\"font-size: small;\">, interpreta\u00e7\u00e3o de certificados de an\u00e1lises laboratoriais, dossi\u00eas t\u00e9cnicos para registro de produto no Brasil e na Am\u00e9rica Latina, com adequa\u00e7\u00e3o \u00e0s normas regulat\u00f3rias de cada pa\u00eds.&nbsp;<\/span><span style=\"font-size: small;\">Al\u00e9m disso, somos facilitadores de parcerias cient\u00edficas entre empresas e universidades, formando um hub de Consultoria, Inova\u00e7\u00e3o e P&amp;D (Pesquisa e Desenvolvimento).<\/span><p><\/p>\n\n\n<span style=\"font-size: small;\">Realizamos consultoria especializada no desenvolvimento de produtos \u00e0 base de Cannabis e na prote\u00e7\u00e3o da propriedade industrial (produto, processo e uso), com foco na seguran\u00e7a regulat\u00f3ria e inova\u00e7\u00e3o tecnol\u00f3gica. \n\nAuxiliamos na otimiza\u00e7\u00e3o de formula\u00e7\u00f5es, valida\u00e7\u00e3o de m\u00e9todos anal\u00edticos, adequa\u00e7\u00e3o \u00e0s normativas da ANVISA e protocolos internacionais. Realizamos os registros de patentes nacionais e em PCT junto ao INPI, garantindo prote\u00e7\u00e3o intelectual e competitividade no mercado. Nosso suporte abrange desde a concep\u00e7\u00e3o at\u00e9 o dep\u00f3sito no INPI, assegurando conformidade t\u00e9cnica e estrat\u00e9gica.<\/span>","protected":false},"excerpt":{"rendered":"","protected":false},"author":6,"featured_media":0,"parent":0,"menu_order":0,"comment_status":"closed","ping_status":"closed","template":"","meta":{"nf_dc_page":"","pagelayer_contact_templates":[],"_pagelayer_content":"","footnotes":""},"class_list":["post-423","page","type-page","status-publish","hentry"],"_links":{"self":[{"href":"https:\/\/portalmedcannabis.com.br\/en_us\/wp-json\/wp\/v2\/pages\/423","targetHints":{"allow":["GET"]}}],"collection":[{"href":"https:\/\/portalmedcannabis.com.br\/en_us\/wp-json\/wp\/v2\/pages"}],"about":[{"href":"https:\/\/portalmedcannabis.com.br\/en_us\/wp-json\/wp\/v2\/types\/page"}],"author":[{"embeddable":true,"href":"https:\/\/portalmedcannabis.com.br\/en_us\/wp-json\/wp\/v2\/users\/6"}],"replies":[{"embeddable":true,"href":"https:\/\/portalmedcannabis.com.br\/en_us\/wp-json\/wp\/v2\/comments?post=423"}],"version-history":[{"count":5,"href":"https:\/\/portalmedcannabis.com.br\/en_us\/wp-json\/wp\/v2\/pages\/423\/revisions"}],"predecessor-version":[{"id":526,"href":"https:\/\/portalmedcannabis.com.br\/en_us\/wp-json\/wp\/v2\/pages\/423\/revisions\/526"}],"wp:attachment":[{"href":"https:\/\/portalmedcannabis.com.br\/en_us\/wp-json\/wp\/v2\/media?parent=423"}],"curies":[{"name":"wp","href":"https:\/\/api.w.org\/{rel}","templated":true}]}}