{"id":520,"date":"2025-03-28T08:26:11","date_gmt":"2025-03-28T08:26:11","guid":{"rendered":"https:\/\/portalmedcannabis.com.br\/?page_id=520"},"modified":"2025-07-28T14:55:51","modified_gmt":"2025-07-28T14:55:51","slug":"cursos-presenciais","status":"publish","type":"page","link":"https:\/\/portalmedcannabis.com.br\/en_us\/cursos-presenciais\/","title":{"rendered":"Face-to-face courses"},"content":{"rendered":"\n\n\n\n<h2>Cursos Presenciais\u00a0<\/h2>\n\n\n\n\n\n\n\n\n<p [object NamedNodeMap]>Os cursos presenciais da MedCannabis s\u00e3o voltados para m\u00e9dicos, profissionais da sa\u00fade e empresas do setor, com foco na prescri\u00e7\u00e3o e no uso cl\u00ednico da cannabis medicinal. Com uma abordagem cient\u00edfica e baseada em evid\u00eancias, os cursos abrangem desde o funcionamento do sistema endocanabinoide at\u00e9 a pr\u00e1tica da prescri\u00e7\u00e3o, garantindo que os participantes adquiram conhecimento t\u00e9cnico e seguran\u00e7a para a aplica\u00e7\u00e3o da terapia canabinoide.<\/p>\n\n\n\n\n\n\n\n\n\n\n\n\n\n\n\n\n\n\n\n\n\n<p><br><\/p>\n\n\n\n\n\n\n","protected":false},"excerpt":{"rendered":"","protected":false},"author":6,"featured_media":0,"parent":0,"menu_order":0,"comment_status":"closed","ping_status":"closed","template":"","meta":{"nf_dc_page":"","pagelayer_contact_templates":[],"_pagelayer_content":"","footnotes":""},"class_list":["post-520","page","type-page","status-publish","hentry"],"_links":{"self":[{"href":"https:\/\/portalmedcannabis.com.br\/en_us\/wp-json\/wp\/v2\/pages\/520","targetHints":{"allow":["GET"]}}],"collection":[{"href":"https:\/\/portalmedcannabis.com.br\/en_us\/wp-json\/wp\/v2\/pages"}],"about":[{"href":"https:\/\/portalmedcannabis.com.br\/en_us\/wp-json\/wp\/v2\/types\/page"}],"author":[{"embeddable":true,"href":"https:\/\/portalmedcannabis.com.br\/en_us\/wp-json\/wp\/v2\/users\/6"}],"replies":[{"embeddable":true,"href":"https:\/\/portalmedcannabis.com.br\/en_us\/wp-json\/wp\/v2\/comments?post=520"}],"version-history":[{"count":6,"href":"https:\/\/portalmedcannabis.com.br\/en_us\/wp-json\/wp\/v2\/pages\/520\/revisions"}],"predecessor-version":[{"id":1112,"href":"https:\/\/portalmedcannabis.com.br\/en_us\/wp-json\/wp\/v2\/pages\/520\/revisions\/1112"}],"wp:attachment":[{"href":"https:\/\/portalmedcannabis.com.br\/en_us\/wp-json\/wp\/v2\/media?parent=520"}],"curies":[{"name":"wp","href":"https:\/\/api.w.org\/{rel}","templated":true}]}}