{"id":1065,"date":"2025-07-03T12:22:54","date_gmt":"2025-07-03T12:22:54","guid":{"rendered":"https:\/\/portalmedcannabis.com.br\/?post_type=product&#038;p=1065"},"modified":"2025-07-03T12:48:26","modified_gmt":"2025-07-03T12:48:26","slug":"certificacao-curso-de-capacitacao-para-prescricao-de-cannabis-medicinal","status":"publish","type":"product","link":"https:\/\/portalmedcannabis.com.br\/en_us\/product\/certificacao-curso-de-capacitacao-para-prescricao-de-cannabis-medicinal\/","title":{"rendered":"[CERTIFICA\u00c7\u00c3O] Curso de Capacita\u00e7\u00e3o para Prescri\u00e7\u00e3o de Cannabis medicinal"},"content":{"rendered":"<div class=\"lp-course-description\">\n<div class=\"elementor-element elementor-element-2b46777 elementor-widget elementor-widget-heading\" data-id=\"2b46777\" data-element_type=\"widget\" data-widget_type=\"heading.default\">\n<div class=\"relative flex-col gap-1 md:gap-3\">\n<div class=\"flex max-w-full flex-col grow\">\n<div class=\"min-h-8 text-message relative flex w-full flex-col items-end gap-2 text-start break-words whitespace-normal [.text-message+&amp;]:mt-5\" dir=\"auto\" data-message-author-role=\"assistant\" data-message-id=\"81c1db26-9e6c-4441-abbb-c257e92fd23c\" data-message-model-slug=\"gpt-4o\">\n<div class=\"flex w-full flex-col gap-1 empty:hidden first:pt-[3px]\">\n<div class=\"markdown prose dark:prose-invert w-full break-words light\">\n<p data-start=\"0\" data-end=\"487\" data-is-last-node=\"\" data-is-only-node=\"\">Ao se inscrever, voc\u00ea garante acesso \u00e0 <strong data-start=\"48\" data-end=\"73\">prova de certifica\u00e7\u00e3o<\/strong> e do curso gratuito <strong data-start=\"94\" data-end=\"173\">&#8220;Capacita\u00e7\u00e3o em Prescri\u00e7\u00e3o: Abordagens Terap\u00eauticas com Compostos Naturais&#8221;<\/strong>, realizado em parceria com a Leaf Care. Esta forma\u00e7\u00e3o 100% online oferece conte\u00fado t\u00e9cnico e atualizado, com foco em prescri\u00e7\u00e3o segura, fundamentada em respaldo legal e evid\u00eancia cient\u00edfica, preparando profissionais da sa\u00fade para atuarem com responsabilidade e excel\u00eancia no uso terap\u00eautico de compostos naturais.<\/p>\n<\/div>\n<\/div>\n<\/div>\n<\/div>\n<\/div>\n<\/div>\n<\/div>\n<div class=\"lp-section-instructor\"><\/div>\n","protected":false},"excerpt":{"rendered":"<p>Ao se inscrever, voc\u00ea garante acesso \u00e0 prova de certifica\u00e7\u00e3o e do curso gratuito &#8220;Capacita\u00e7\u00e3o em Prescri\u00e7\u00e3o: Abordagens Terap\u00eauticas com [&hellip;]<\/p>\n","protected":false},"featured_media":1052,"comment_status":"open","ping_status":"closed","template":"","meta":{"nf_dc_page":"","pagelayer_contact_templates":[],"_pagelayer_content":""},"product_brand":[],"product_cat":[22],"product_tag":[],"class_list":{"0":"post-1065","1":"product","2":"type-product","3":"status-publish","4":"has-post-thumbnail","6":"product_cat-cursos-online","8":"first","9":"instock","10":"taxable","11":"shipping-taxable","12":"purchasable","13":"product-type-simple"},"_links":{"self":[{"href":"https:\/\/portalmedcannabis.com.br\/en_us\/wp-json\/wp\/v2\/product\/1065","targetHints":{"allow":["GET"]}}],"collection":[{"href":"https:\/\/portalmedcannabis.com.br\/en_us\/wp-json\/wp\/v2\/product"}],"about":[{"href":"https:\/\/portalmedcannabis.com.br\/en_us\/wp-json\/wp\/v2\/types\/product"}],"replies":[{"embeddable":true,"href":"https:\/\/portalmedcannabis.com.br\/en_us\/wp-json\/wp\/v2\/comments?post=1065"}],"wp:featuredmedia":[{"embeddable":true,"href":"https:\/\/portalmedcannabis.com.br\/en_us\/wp-json\/wp\/v2\/media\/1052"}],"wp:attachment":[{"href":"https:\/\/portalmedcannabis.com.br\/en_us\/wp-json\/wp\/v2\/media?parent=1065"}],"wp:term":[{"taxonomy":"product_brand","embeddable":true,"href":"https:\/\/portalmedcannabis.com.br\/en_us\/wp-json\/wp\/v2\/product_brand?post=1065"},{"taxonomy":"product_cat","embeddable":true,"href":"https:\/\/portalmedcannabis.com.br\/en_us\/wp-json\/wp\/v2\/product_cat?post=1065"},{"taxonomy":"product_tag","embeddable":true,"href":"https:\/\/portalmedcannabis.com.br\/en_us\/wp-json\/wp\/v2\/product_tag?post=1065"}],"curies":[{"name":"wp","href":"https:\/\/api.w.org\/{rel}","templated":true}]}}