{"id":1095,"date":"2025-07-28T14:12:57","date_gmt":"2025-07-28T14:12:57","guid":{"rendered":"https:\/\/portalmedcannabis.com.br\/?post_type=product&#038;p=1095"},"modified":"2025-12-08T11:35:25","modified_gmt":"2025-12-08T11:35:25","slug":"curso-de-capacitacao-de-prescricao-de-canabinoides-4a-edicao-presencial","status":"publish","type":"product","link":"https:\/\/portalmedcannabis.com.br\/en_us\/product\/curso-de-capacitacao-de-prescricao-de-canabinoides-4a-edicao-presencial\/","title":{"rendered":"Curso de Capacita\u00e7\u00e3o de Prescri\u00e7\u00e3o de Canabinoides &#8211; 4\u00aa Edi\u00e7\u00e3o | Porto Alegre [PRESENCIAL]"},"content":{"rendered":"<p>A 4a edi\u00e7\u00e3o do Curso de Capacita\u00e7\u00e3o para Prescri\u00e7\u00e3o de Canabinoides traz como tema: \u201cSEC &amp; Cannabis no Tratamento e Manejo da Dor\u201d<br \/>\n\ud83d\udccd Presencial em Porto Alegre &#8211; RS<\/p>\n<p>\ud83d\udcda Uma imers\u00e3o tecnol\u00f3gica medicinal para profissionais da sa\u00fade que desejam se aprofundar na prescri\u00e7\u00e3o de Cannabis medicinal no manejo cl\u00ednico da dor, com base nos mais recentes avan\u00e7os da medicina canabinoide, trazendo informa\u00e7\u00f5es do \u00faltimo congresso da Sociedade Internacional de Pesquisa em Canabinoides (ICRS2025).<\/p>\n<p>\ud83d\udca1 Com metodologia ativa, discuss\u00e3o de casos cl\u00ednicos reais e acompanhamento docente, esta capacita\u00e7\u00e3o oferece ferramentas pr\u00e1ticas para quem quer atuar com seguran\u00e7a e confian\u00e7a.<\/p>\n<p>\ud83d\uddd3\ufe0f 13 e 14 de setembro de 2025<br \/>\n\ud83d\udd57 Das 8h \u00e0s 18h<br \/>\n\ud83c\udf93 20h de forma\u00e7\u00e3o<br \/>\n\ud83d\udc65 Vagas limitadas<\/p>\n<p>\u2728 Inclui:<br \/>\n\u2714\ufe0f Guia pr\u00e1tico de prescri\u00e7\u00e3o<br \/>\n\u2714\ufe0f Protocolo DEMC\u00ae\ufe0f (Dose, Efeito e Melhora com Cannabis)<br \/>\n\u2714\ufe0f Certifica\u00e7\u00e3o<br \/>\n\u2714\ufe0f F\u00f3rum cl\u00ednico com monitores por 180 dias<br \/>\n\u2714\ufe0f Mentorias On Line<\/p>","protected":false},"excerpt":{"rendered":"<p>A 4a edi\u00e7\u00e3o do Curso de Capacita\u00e7\u00e3o para Prescri\u00e7\u00e3o de Canabinoides traz como tema: \u201cSEC &amp; Cannabis no Tratamento e [&hellip;]<\/p>\n","protected":false},"featured_media":1096,"comment_status":"open","ping_status":"closed","template":"","meta":{"nf_dc_page":"","pagelayer_contact_templates":[],"_pagelayer_content":""},"product_brand":[],"product_cat":[25],"product_tag":[],"class_list":{"0":"post-1095","1":"product","2":"type-product","3":"status-publish","4":"has-post-thumbnail","6":"product_cat-cursos-presenciais","8":"first","9":"instock","10":"sold-individually","11":"taxable","12":"shipping-taxable","13":"purchasable","14":"product-type-simple"},"_links":{"self":[{"href":"https:\/\/portalmedcannabis.com.br\/en_us\/wp-json\/wp\/v2\/product\/1095","targetHints":{"allow":["GET"]}}],"collection":[{"href":"https:\/\/portalmedcannabis.com.br\/en_us\/wp-json\/wp\/v2\/product"}],"about":[{"href":"https:\/\/portalmedcannabis.com.br\/en_us\/wp-json\/wp\/v2\/types\/product"}],"replies":[{"embeddable":true,"href":"https:\/\/portalmedcannabis.com.br\/en_us\/wp-json\/wp\/v2\/comments?post=1095"}],"wp:featuredmedia":[{"embeddable":true,"href":"https:\/\/portalmedcannabis.com.br\/en_us\/wp-json\/wp\/v2\/media\/1096"}],"wp:attachment":[{"href":"https:\/\/portalmedcannabis.com.br\/en_us\/wp-json\/wp\/v2\/media?parent=1095"}],"wp:term":[{"taxonomy":"product_brand","embeddable":true,"href":"https:\/\/portalmedcannabis.com.br\/en_us\/wp-json\/wp\/v2\/product_brand?post=1095"},{"taxonomy":"product_cat","embeddable":true,"href":"https:\/\/portalmedcannabis.com.br\/en_us\/wp-json\/wp\/v2\/product_cat?post=1095"},{"taxonomy":"product_tag","embeddable":true,"href":"https:\/\/portalmedcannabis.com.br\/en_us\/wp-json\/wp\/v2\/product_tag?post=1095"}],"curies":[{"name":"wp","href":"https:\/\/api.w.org\/{rel}","templated":true}]}}