{"id":835,"date":"2025-04-22T16:56:38","date_gmt":"2025-04-22T16:56:38","guid":{"rendered":"https:\/\/portalmedcannabis.com.br\/?post_type=product&#038;p=835"},"modified":"2025-11-27T09:31:28","modified_gmt":"2025-11-27T09:31:28","slug":"cannabis-medicinal-produtos-legislacao-e-prescricao-no-brasil","status":"publish","type":"product","link":"https:\/\/portalmedcannabis.com.br\/en_us\/product\/cannabis-medicinal-produtos-legislacao-e-prescricao-no-brasil\/","title":{"rendered":"Medicinal Cannabis - Products, Legislation and Prescription in Brazil"},"content":{"rendered":"<div class=\"lp-course-description\">\n<div class=\"tutor-course-details-content tutor-toggle-more-content\" data-tutor-toggle-more-content=\"\" data-toggle-height=\"200\">\n<div class=\"tutor-fs-6 tutor-color-secondary\">O curso Cannabis Medicinal \u2013 Produtos, Legisla\u00e7\u00e3o e Prescri\u00e7\u00e3o no Brasil oferece uma abordagem atualizada sobre o uso da Cannabis na sa\u00fade, explorando desde os fundamentos da regulamenta\u00e7\u00e3o at\u00e9 a prescri\u00e7\u00e3o e monitoramento cl\u00ednico dos produtos. Ministrado por especialistas da \u00e1rea, o curso \u00e9 voltado para profissionais da sa\u00fade, prescritores, pesquisadores e interessados em compreender o cen\u00e1rio da Cannabis medicinal no Brasil.\u00a0\u00a0Os participantes ter\u00e3o acesso aos conte\u00fados com base em evid\u00eancias cient\u00edficas e legisla\u00e7\u00f5es vigentes, al\u00e9m de discuss\u00f5es sobre os diferentes produtos dispon\u00edveis, suas propriedades farmacot\u00e9cnicas e a seguran\u00e7a na prescri\u00e7\u00e3o. O curso tamb\u00e9m aborda os desafios da administra\u00e7\u00e3o dos produtos e as indica\u00e7\u00f5es terap\u00eauticas, acompanhamento e manejo na terapia canabinoide com enfoque na efic\u00e1cia e seguran\u00e7a.<\/div>\n<\/div>\n<\/div>\n<div class=\"lp-course-curriculum\"><\/div>","protected":false},"excerpt":{"rendered":"<p>O curso Cannabis Medicinal \u2013 Produtos, Legisla\u00e7\u00e3o e Prescri\u00e7\u00e3o no Brasil oferece uma abordagem atualizada sobre o uso da Cannabis [&hellip;]<\/p>\n","protected":false},"featured_media":826,"comment_status":"open","ping_status":"closed","template":"","meta":{"nf_dc_page":"","pagelayer_contact_templates":[],"_pagelayer_content":""},"product_brand":[],"product_cat":[22],"product_tag":[],"class_list":{"0":"post-835","1":"product","2":"type-product","3":"status-publish","4":"has-post-thumbnail","6":"product_cat-cursos-online","8":"first","9":"instock","10":"sale","11":"taxable","12":"shipping-taxable","13":"purchasable","14":"product-type-simple"},"_links":{"self":[{"href":"https:\/\/portalmedcannabis.com.br\/en_us\/wp-json\/wp\/v2\/product\/835","targetHints":{"allow":["GET"]}}],"collection":[{"href":"https:\/\/portalmedcannabis.com.br\/en_us\/wp-json\/wp\/v2\/product"}],"about":[{"href":"https:\/\/portalmedcannabis.com.br\/en_us\/wp-json\/wp\/v2\/types\/product"}],"replies":[{"embeddable":true,"href":"https:\/\/portalmedcannabis.com.br\/en_us\/wp-json\/wp\/v2\/comments?post=835"}],"wp:featuredmedia":[{"embeddable":true,"href":"https:\/\/portalmedcannabis.com.br\/en_us\/wp-json\/wp\/v2\/media\/826"}],"wp:attachment":[{"href":"https:\/\/portalmedcannabis.com.br\/en_us\/wp-json\/wp\/v2\/media?parent=835"}],"wp:term":[{"taxonomy":"product_brand","embeddable":true,"href":"https:\/\/portalmedcannabis.com.br\/en_us\/wp-json\/wp\/v2\/product_brand?post=835"},{"taxonomy":"product_cat","embeddable":true,"href":"https:\/\/portalmedcannabis.com.br\/en_us\/wp-json\/wp\/v2\/product_cat?post=835"},{"taxonomy":"product_tag","embeddable":true,"href":"https:\/\/portalmedcannabis.com.br\/en_us\/wp-json\/wp\/v2\/product_tag?post=835"}],"curies":[{"name":"wp","href":"https:\/\/api.w.org\/{rel}","templated":true}]}}