{"id":837,"date":"2025-04-22T16:59:06","date_gmt":"2025-04-22T16:59:06","guid":{"rendered":"https:\/\/portalmedcannabis.com.br\/?post_type=product&#038;p=837"},"modified":"2025-11-27T09:31:28","modified_gmt":"2025-11-27T09:31:28","slug":"explorando-o-sistema-endocanabinoide","status":"publish","type":"product","link":"https:\/\/portalmedcannabis.com.br\/en_us\/product\/explorando-o-sistema-endocanabinoide\/","title":{"rendered":"Exploring the Endocannabinoid System"},"content":{"rendered":"<div class=\"lp-course-description\">\n<div class=\"tutor-course-details-content tutor-toggle-more-content\" data-tutor-toggle-more-content=\"\" data-toggle-height=\"200\">\n<div class=\"tutor-fs-6 tutor-color-secondary\">\n<div class=\"lp-course-description\">\n<div class=\"tutor-course-details-content tutor-toggle-more-content\" data-tutor-toggle-more-content=\"\" data-toggle-height=\"200\">\n<div class=\"tutor-fs-6 tutor-color-secondary\">Este curso oferece uma imers\u00e3o profunda e acess\u00edvel no Sistema Endocanabinoide (SEC) abordando suas fun\u00e7\u00f5es essenciais na regula\u00e7\u00e3o da homeostase corp\u00f3rea e sua rela\u00e7\u00e3o com a sa\u00fade e as doen\u00e7as. Ao longo das aulas, voc\u00ea estar\u00e1 habilitado a aprender sobre o papel funcional dos componentes do SEC &#8211; receptores, endocanabinoides, enzimas metab\u00f3licas e transportador de membrana de endocanabinoides -, al\u00e9m de explorar o endocanabinoidoma e seus m\u00faltiplos alvos numa expans\u00e3o cient\u00edfica no interior do corpo humano. Com uma abordagem pr\u00e1tica e fundamentada em evid\u00eancias cient\u00edficas, o curso tamb\u00e9m discute o uso terap\u00eautico da cannabis medicinal em condi\u00e7\u00f5es neurol\u00f3gicas, como a epilepsia, as doen\u00e7as neurodegenerativas como a doen\u00e7a de\u00a0 Alzheimer e de Parkinson, e no Transtorno do Espectro Autista (TEA). Ser\u00e3o apresentados casos cl\u00ednicos, medicamentos dispon\u00edveis e as regulamenta\u00e7\u00f5es no Brasil promovendo uma compreens\u00e3o expandida e din\u00e2mica do potencial terap\u00eautico da cannabis. Voltado para profissionais da sa\u00fade, estudantes e interessados na \u00e1rea, o curso combina ci\u00eancia, inova\u00e7\u00e3o e pr\u00e1tica cl\u00ednica capacitando cada participante para aplicar esse conhecimento de forma t\u00e9cnica, respons\u00e1vel e \u00e9tica.<\/div>\n<\/div>\n<div class=\"tutor-course-details-widget tutor-course-details-widget-col-2 tutor-mt-lg-50 tutor-mt-32\"><\/div>\n<\/div>\n<div class=\"lp-course-curriculum\"><\/div>\n<\/div>\n<\/div>\n<\/div>\n<div class=\"lp-course-curriculum\"><\/div>","protected":false},"excerpt":{"rendered":"<p>Este curso oferece uma imers\u00e3o profunda e acess\u00edvel no Sistema Endocanabinoide (SEC) abordando suas fun\u00e7\u00f5es essenciais na regula\u00e7\u00e3o da homeostase [&hellip;]<\/p>\n","protected":false},"featured_media":198,"comment_status":"open","ping_status":"closed","template":"","meta":{"nf_dc_page":"","pagelayer_contact_templates":[],"_pagelayer_content":""},"product_brand":[],"product_cat":[22],"product_tag":[],"class_list":{"0":"post-837","1":"product","2":"type-product","3":"status-publish","4":"has-post-thumbnail","6":"product_cat-cursos-online","8":"first","9":"instock","10":"sale","11":"taxable","12":"shipping-taxable","13":"purchasable","14":"product-type-simple"},"_links":{"self":[{"href":"https:\/\/portalmedcannabis.com.br\/en_us\/wp-json\/wp\/v2\/product\/837","targetHints":{"allow":["GET"]}}],"collection":[{"href":"https:\/\/portalmedcannabis.com.br\/en_us\/wp-json\/wp\/v2\/product"}],"about":[{"href":"https:\/\/portalmedcannabis.com.br\/en_us\/wp-json\/wp\/v2\/types\/product"}],"replies":[{"embeddable":true,"href":"https:\/\/portalmedcannabis.com.br\/en_us\/wp-json\/wp\/v2\/comments?post=837"}],"wp:featuredmedia":[{"embeddable":true,"href":"https:\/\/portalmedcannabis.com.br\/en_us\/wp-json\/wp\/v2\/media\/198"}],"wp:attachment":[{"href":"https:\/\/portalmedcannabis.com.br\/en_us\/wp-json\/wp\/v2\/media?parent=837"}],"wp:term":[{"taxonomy":"product_brand","embeddable":true,"href":"https:\/\/portalmedcannabis.com.br\/en_us\/wp-json\/wp\/v2\/product_brand?post=837"},{"taxonomy":"product_cat","embeddable":true,"href":"https:\/\/portalmedcannabis.com.br\/en_us\/wp-json\/wp\/v2\/product_cat?post=837"},{"taxonomy":"product_tag","embeddable":true,"href":"https:\/\/portalmedcannabis.com.br\/en_us\/wp-json\/wp\/v2\/product_tag?post=837"}],"curies":[{"name":"wp","href":"https:\/\/api.w.org\/{rel}","templated":true}]}}