{"id":839,"date":"2025-04-22T17:12:32","date_gmt":"2025-04-22T17:12:32","guid":{"rendered":"https:\/\/portalmedcannabis.com.br\/?post_type=product&#038;p=839"},"modified":"2025-11-27T09:32:31","modified_gmt":"2025-11-27T09:32:31","slug":"pacote-com-mentoria-sincrona","status":"publish","type":"product","link":"https:\/\/portalmedcannabis.com.br\/en_us\/product\/pacote-com-mentoria-sincrona\/","title":{"rendered":"Package: Cannabinoid Prescription Initiation with Synchronous Mentoring"},"content":{"rendered":"<p>A MedCannabis re\u00fane dois dos seus principais cursos em um pacote completo para profissionais da sa\u00fade que desejam aprofundar seus conhecimentos e atuar com seguran\u00e7a na \u00e1rea da medicina canabinoide. Agora com a possibilidade de <strong>mentoria s\u00edncrona ao vivo<\/strong>, o pacote oferece uma jornada de aprendizado com acompanhamento especializado.<\/p>\n<p>\ud83d\udcda <strong>Cursos inclu\u00eddos no pacote:<\/strong><\/p>\n<ol>\n<li><strong>Medicinal Cannabis - Products, Legislation and Prescription in Brazil<\/strong><br \/>\nUm curso t\u00e9cnico e atualizado, que aborda desde os marcos regulat\u00f3rios at\u00e9 o uso cl\u00ednico da Cannabis, com foco na prescri\u00e7\u00e3o segura, propriedades farmacot\u00e9cnicas dos produtos e monitoramento terap\u00eautico.<\/li>\n<li><strong>Exploring the Endocannabinoid System<\/strong><br \/>\nUma imers\u00e3o nos fundamentos fisiol\u00f3gicos e farmacol\u00f3gicos do SEC, essencial para compreender os mecanismos de a\u00e7\u00e3o dos fitocanabinoides e as suas aplica\u00e7\u00f5es cl\u00ednicas em diferentes contextos terap\u00eauticos.<\/li>\n<\/ol>\n<p>\ud83d\udcac <strong>Mentorias S\u00edncronas com Especialistas<\/strong><br \/>\nOs encontros ao vivo promovem discuss\u00f5es aprofundadas sobre casos cl\u00ednicos reais, esclarecimento de d\u00favidas e troca de experi\u00eancias com uma rede de profissionais atuantes no campo da Cannabis medicinal. Uma oportunidade \u00fanica para consolidar conhecimentos, construir confian\u00e7a na prescri\u00e7\u00e3o e se atualizar com as pr\u00e1ticas mais relevantes da \u00e1rea.<\/p>\n<p>Voltado a m\u00e9dicos, farmac\u00eauticos, psic\u00f3logos, enfermeiros e outros profissionais da sa\u00fade e ci\u00eancia, o pacote com mentoria da MedCannabis oferece forma\u00e7\u00e3o robusta, cient\u00edfica e aplicada \u00e0 realidade brasileira.<\/p>","protected":false},"excerpt":{"rendered":"<p>A MedCannabis re\u00fane dois dos seus principais cursos em um pacote completo para profissionais da sa\u00fade que desejam aprofundar seus [&hellip;]<\/p>\n","protected":false},"featured_media":840,"comment_status":"open","ping_status":"closed","template":"","meta":{"nf_dc_page":"","pagelayer_contact_templates":[],"_pagelayer_content":""},"product_brand":[],"product_cat":[22],"product_tag":[],"class_list":{"0":"post-839","1":"product","2":"type-product","3":"status-publish","4":"has-post-thumbnail","6":"product_cat-cursos-online","8":"first","9":"instock","10":"sale","11":"taxable","12":"shipping-taxable","13":"purchasable","14":"product-type-simple"},"_links":{"self":[{"href":"https:\/\/portalmedcannabis.com.br\/en_us\/wp-json\/wp\/v2\/product\/839","targetHints":{"allow":["GET"]}}],"collection":[{"href":"https:\/\/portalmedcannabis.com.br\/en_us\/wp-json\/wp\/v2\/product"}],"about":[{"href":"https:\/\/portalmedcannabis.com.br\/en_us\/wp-json\/wp\/v2\/types\/product"}],"replies":[{"embeddable":true,"href":"https:\/\/portalmedcannabis.com.br\/en_us\/wp-json\/wp\/v2\/comments?post=839"}],"wp:featuredmedia":[{"embeddable":true,"href":"https:\/\/portalmedcannabis.com.br\/en_us\/wp-json\/wp\/v2\/media\/840"}],"wp:attachment":[{"href":"https:\/\/portalmedcannabis.com.br\/en_us\/wp-json\/wp\/v2\/media?parent=839"}],"wp:term":[{"taxonomy":"product_brand","embeddable":true,"href":"https:\/\/portalmedcannabis.com.br\/en_us\/wp-json\/wp\/v2\/product_brand?post=839"},{"taxonomy":"product_cat","embeddable":true,"href":"https:\/\/portalmedcannabis.com.br\/en_us\/wp-json\/wp\/v2\/product_cat?post=839"},{"taxonomy":"product_tag","embeddable":true,"href":"https:\/\/portalmedcannabis.com.br\/en_us\/wp-json\/wp\/v2\/product_tag?post=839"}],"curies":[{"name":"wp","href":"https:\/\/api.w.org\/{rel}","templated":true}]}}